{"id":99,"date":"2022-05-28T08:56:18","date_gmt":"2022-05-28T06:56:18","guid":{"rendered":"https:\/\/biblioteka.zsgronowo.edu.pl\/?page_id=99"},"modified":"2025-11-28T08:28:33","modified_gmt":"2025-11-28T07:28:33","slug":"o-bibliotece","status":"publish","type":"page","link":"https:\/\/biblioteka.zsgronowo.edu.pl\/?page_id=99","title":{"rendered":"O bibliotece"},"content":{"rendered":"\n<p class=\"has-medium-font-size\"><strong>Godziny otwarcia:<\/strong><\/p>\n\n\n\n<p class=\"has-text-align-center has-white-color has-text-color has-background has-medium-font-size\" style=\"background-color:#f79e4d\"><strong>poniedzia\u0142ek 7:15-16:30<br>wtorek          7:00-17:15<br>\u015broda            7:00-17:15<br>czwartek       7:30-16:00<br>pi\u0105tek           7:00-15:30<br>sobota          8:00-14:00<\/strong><\/p>\n\n\n\n<div class=\"wp-block-columns is-layout-flex wp-container-core-columns-is-layout-9d6595d7 wp-block-columns-is-layout-flex\">\n<div class=\"wp-block-column is-layout-flow wp-block-column-is-layout-flow\" style=\"flex-basis:100%\">\n<p>kontakt: <a href=\"mailto:biblioteka@zsgronowo.edu.pl\" target=\"_blank\" rel=\"noreferrer noopener\">biblioteka@zsgronowo.edu.pl<\/a><\/p>\n<\/div>\n<\/div>\n\n\n\n<p>nauczyciele bibliotekarze:<\/p>\n\n\n\n<p>Joanna Cie\u015blewicz<br>Arkadiusz Grzonkowski<br>Agata Doma\u0144ska<\/p>\n\n\n\n<h2 class=\"wp-block-heading\">Regulaminy:<br><\/h2>\n\n\n\n<pre class=\"wp-block-verse\"><strong>Regulamin pracy Biblioteki szkolnej<\/strong><\/pre>\n\n\n\n<p><strong>Postanowienia og\u00f3lne<\/strong><\/p>\n\n\n\n<p>Biblioteka szkolna wraz z Internetowym Centrum Informacji Multimedialnym jest&nbsp; Og\u00f3lnoszkoln\u0105 Pracowni\u0105 Informacyjno-Dydaktyczn\u0105 s\u0142u\u017c\u0105c\u0105 realizacji:<\/p>\n\n\n\n<ol style=\"list-style-type:1\" class=\"wp-block-list\">\n<li>indywidualnych potrzeb i zainteresowa\u0144 uczni\u00f3w,<\/li>\n\n\n\n<li>dzia\u0142a\u0144 propaguj\u0105cych czytelnictwo,<\/li>\n\n\n\n<li>umiej\u0119tnego pos\u0142ugiwania si\u0119 technologi\u0105 informacyjn\u0105,<\/li>\n\n\n\n<li>realizacji zada\u0144 dydaktyczno-wychowawczych szko\u0142y,<\/li>\n\n\n\n<li>doskonaleniu warsztatu pracy nauczyciela,<\/li>\n\n\n\n<li>popularyzowaniu wiedzy pedagogicznej w\u015br\u00f3d rodzic\u00f3w,<\/li>\n\n\n\n<li>popularyzowania wiedzy o regionie we wsp\u00f3\u0142pracy z innymi &nbsp;bibliotekami i o\u015brodkami,<\/li>\n\n\n\n<li>dzia\u0142a\u0144 rozwijaj\u0105cych wra\u017cliwo\u015b\u0107 kulturow\u0105 i spo\u0142eczn\u0105.<br><\/li>\n<\/ol>\n\n\n\n<p><strong>Zasady korzystania z Biblioteki<\/strong><\/p>\n\n\n\n<ol style=\"list-style-type:1\" class=\"wp-block-list\">\n<li>Prawo do korzystania z biblioteki maj\u0105 wszyscy uczniowie, s\u0142uchacze, pracownicy szko\u0142y i rodzice.<\/li>\n\n\n\n<li>Biblioteka jest czynna wed\u0142ug harmonogramu ustalonego na pocz\u0105tku roku szkolnego i umieszczonego na drzwiach wej\u015bciowych.<\/li>\n\n\n\n<li>W bibliotece obowi\u0105zuje cisza, zakaz spo\u017cywania posi\u0142k\u00f3w i picia napoj\u00f3w.<\/li>\n\n\n\n<li>Ksi\u0105\u017cki mo\u017cna wypo\u017cycza\u0107 tylko na swoje nazwisko.<\/li>\n\n\n\n<li>Zbior\u00f3w specjalnych oraz ksi\u0105\u017cek z ksi\u0119gozbioru podr\u0119cznego nie mo\u017cna wypo\u017cycza\u0107 do domu.<\/li>\n\n\n\n<li>Ksi\u0105\u017cki mo\u017cna wypo\u017cyczy\u0107 na okres jednego miesi\u0105ca.<\/li>\n\n\n\n<li>Uczniowie przygotowuj\u0105cy si\u0119 do konkurs\u00f3w i olimpiad oraz maturzy\u015bci maj\u0105 prawo do wypo\u017cyczenia wi\u0119kszej liczby materia\u0142\u00f3w.<\/li>\n\n\n\n<li>Je\u017celi czytelnik nie przeczyta\u0142 ksi\u0105\u017cki mo\u017ce przed up\u0142ywem terminu zwrotu prosi\u0107&nbsp;o jej prolongat\u0119.<\/li>\n\n\n\n<li>Wypo\u017cyczone ksi\u0105\u017cki nale\u017cy chroni\u0107 przed zniszczeniem i zagubieniem.<\/li>\n\n\n\n<li>Zagubion\u0105 lub zniszczon\u0105 ksi\u0105\u017ck\u0119 czytelnik powinien odkupi\u0107, b\u0105d\u017a zwr\u00f3ci\u0107 jej r\u00f3wnowarto\u015b\u0107 w postaci innej ksi\u0105\u017cki.<\/li>\n\n\n\n<li>Bibliotekarze szk\u00f3\u0142 dysponuj\u0105cych ubo\u017cszym ksi\u0119gozbiorem maj\u0105 prawo&nbsp;do wypo\u017cyczania ksi\u0105\u017cek dla swoich uczni\u00f3w na w\u0142asne nazwisko&nbsp;i odpowiedzialno\u015b\u0107.<\/li>\n\n\n\n<li>Ksi\u0105\u017cki mo\u017cna wypo\u017cycza\u0107 tak\u017ce na ferie i wakacje, termin oddania ksi\u0105\u017cek wypo\u017cyczonych na wakacje to pierwszy tydzie\u0144 wrze\u015bnia nowego roku szkolnego.<\/li>\n\n\n\n<li>W przypadku zmiany szko\u0142y wszyscy czytelnicy zobowi\u0105zani s\u0105 do wcze\u015bniejszego zwrotu wypo\u017cyczonych ksi\u0105\u017cek i pozosta\u0142ych materia\u0142\u00f3w.<\/li>\n\n\n\n<li>Ka\u017cdy czytelnik zobowi\u0105zany jest do zaznajomienia si\u0119 z niniejszym regulaminem i do bezwzgl\u0119dnego przestrzegania.<\/li>\n\n\n\n<li>Zasady korzystania z Internetowego Centrum Informacji Multimedialnej okre\u015bla odr\u0119bny regulamin.<\/li>\n<\/ol>\n\n\n\n<p><\/p>\n\n\n\n<pre class=\"wp-block-verse\"><strong>Regulamin korzystania ze stanowisk komputerowych w Bibliotece Zespo\u0142u Szk\u00f3\u0142, CKU w Gronowie<\/strong><\/pre>\n\n\n\n<ol style=\"list-style-type:1\" class=\"wp-block-list\">\n<li>Stanowiska komputerowe w bibliotece zosta\u0142y zainstalowane do cel\u00f3w edukacyjnych: wykonywania w\u0142asnych prac zwi\u0105zanych z nauk\u0105, tworzenia dokument\u00f3w oraz korzystania z&nbsp;informacji \u017ar\u00f3d\u0142owych za po\u015brednictwem sieci Internet.<\/li>\n\n\n\n<li>&nbsp;Pierwsze\u0144stwo w korzystaniu z komputer\u00f3w maj\u0105 osoby realizuj\u0105ce konkretny temat edukacyjny.<\/li>\n\n\n\n<li>Wykorzystanie komputer\u00f3w do cel\u00f3w innych ni\u017c naukowe jest dopuszczalne w&nbsp;przypadku wolnych stanowisk.<\/li>\n\n\n\n<li>U\u017cytkownik komputera musi posiada\u0107 elementarn\u0105 znajomo\u015b\u0107 obs\u0142ugi komputera&nbsp;&nbsp;&nbsp;&nbsp;&nbsp;&nbsp;&nbsp;&nbsp;&nbsp;&nbsp;&nbsp;&nbsp;&nbsp;&nbsp;&nbsp;&nbsp;&nbsp;&nbsp;&nbsp;&nbsp;&nbsp;&nbsp;&nbsp;&nbsp;&nbsp;&nbsp; i u\u017cytkowanego programu.&nbsp;&nbsp;&nbsp;&nbsp;&nbsp;&nbsp;<\/li>\n\n\n\n<li>Przy stanowisku mog\u0105 znajdowa\u0107 si\u0119 maksymalnie 2 osoby pracuj\u0105ce w ciszy.<\/li>\n\n\n\n<li>Korzysta\u0107 mo\u017cna tylko z zainstalowanych program\u00f3w.<\/li>\n\n\n\n<li>Uczniowie mog\u0105 nieodp\u0142atnie korzysta\u0107 z us\u0142ug ksero i drukowania dokument\u00f3w z&nbsp;wykorzystaniem w\u0142asnego papieru.<\/li>\n\n\n\n<li>Zabrania si\u0119:<\/li>\n\n\n\n<li>dokonywania zmian w istniej\u0105cych oprogramowaniach i ustawieniach systemowych.,<\/li>\n\n\n\n<li>dokonywania przez u\u017cytkownik\u00f3w jakichkolwiek napraw, rekonfiguracji sprz\u0119tu, manipulowania sprz\u0119tem (prze\u0142\u0105czania i od\u0142\u0105czania klawiatur, monitor\u00f3w, myszy, rozkr\u0119cania jednostek centralnych itp.),<\/li>\n\n\n\n<li>instalowania na dyskach lokalnych komputer\u00f3w znajduj\u0105cych si\u0119 w pracowni oprogramowania przyniesionego z zewn\u0105trz i usuwania program\u00f3w zainstalowanych przez nauczyciela.<\/li>\n\n\n\n<li>U\u017cytkownicy ponosz\u0105 odpowiedzialno\u015b\u0107 finansow\u0105 za szkody spowodowane niew\u0142a\u015bciwym u\u017cytkowaniem sprz\u0119tu komputerowego.<\/li>\n\n\n\n<li>W przypadku stwierdzenia naruszenia obowi\u0105zuj\u0105cych zasad dy\u017curny bibliotekarz ma prawo do natychmiastowego przerwania sesji u\u017cytkownika.<\/li>\n\n\n\n<li>Niestosowanie si\u0119 do wy\u017cej wymienionych punkt\u00f3w regulaminu spowoduje zakaz korzystania ze stanowiska komputerowego na okres wskazany przez nauczyciela-bibliotekarza.<\/li>\n<\/ol>\n\n\n\n<pre class=\"wp-block-verse\"><strong>Regulamin wypo\u017cyczania czytnika ebook\u00f3w<\/strong><\/pre>\n\n\n\n<p>W Bibliotece Szkolnej Zespo\u0142u Szk\u00f3\u0142, CKU w Gronowie<\/p>\n\n\n\n<p><strong>\u00a7 1. Postanowienia og\u00f3lne<\/strong><\/p>\n\n\n\n<ol style=\"list-style-type:1\" class=\"wp-block-list\">\n<li>Niniejszy regulamin okre\u015bla warunki wypo\u017cyczania przez czytelnik\u00f3w biblioteki czytnik\u00f3w ebook\u00f3w zwanych dalej czytnikiem.<\/li>\n\n\n\n<li>Z czytnika mog\u0105 korzysta\u0107 osoby zapisane&nbsp;do biblioteki, kt\u00f3re nie maj\u0105 zobowi\u0105za\u0144 i zaleg\u0142o\u015bci wobec biblioteki.<\/li>\n<\/ol>\n\n\n\n<p><strong>\u00a7 2. Wypo\u017cyczanie<\/strong><\/p>\n\n\n\n<ol style=\"list-style-type:1\" class=\"wp-block-list\">\n<li>Wypo\u017cyczanie czytnika jest bezp\u0142atne.<\/li>\n\n\n\n<li>Osoba wypo\u017cyczaj\u0105ca czytnik jest zobowi\u0105zana do podania numeru telefonu, kt\u00f3ry jest konieczny do utrzymywania kontaktu pomi\u0119dzy Bibliotek\u0105 a Czytelnikiem.<\/li>\n\n\n\n<li>Warunkiem wypo\u017cyczenia czytnika jest pisemne potwierdzenie wypo\u017cyczenia przez Czytelnika lub jego prawnego opiekuna.<\/li>\n\n\n\n<li>Czytnik mo\u017cna wypo\u017cyczy\u0107 maksymalnie&nbsp;na 30 dni. Po tym okresie mo\u017cliwe jest przed\u0142u\u017cenie terminu zwrotu gdy nie ma na niego zapotrzebowania ze strony innych czytelnik\u00f3w.<\/li>\n\n\n\n<li>Z wgranych e-book\u00f3w Czytelnik mo\u017ce korzysta\u0107 w ramach obowi\u0105zuj\u0105cej licencji, tylko na w\u0142asny u\u017cytek, zgodnie z obowi\u0105zuj\u0105cymi przepisami prawa.<\/li>\n\n\n\n<li>Czytelnik nie jest uprawniony do:<br>a: rozpowszechniania ani wprowadzania do obrotu wgranych na czytnik e-book\u00f3w w ca\u0142o\u015bci lub we fragmentach,<br>b: modyfikowania tre\u015bci e-book\u00f3w,<br>c: komercyjnego wykorzystywania e-book\u00f3w, w szczeg\u00f3lno\u015bci rozpowszechniania ich tre\u015bci i wprowadzania do sieci internetowej.<\/li>\n\n\n\n<li>W przypadku wykrycia sytuacji wykorzystania&nbsp; e-book\u00f3w niezgodnie z prawem lub postanowieniami niniejszego Regulaminu, Biblioteka oraz uprawnione do tego osoby trzecie b\u0119d\u0105 mog\u0142y zg\u0142osi\u0107 odpowiednie roszczenia z tego tytu\u0142u wzgl\u0119dem u\u017cytkownika.<\/li>\n\n\n\n<li>Biblioteka nie ponosi odpowiedzialno\u015bci za korzystanie z ksi\u0105\u017cek elektronicznych przez Czytelnika&nbsp; niezgodnie z przepisami prawa.<\/li>\n<\/ol>\n\n\n\n<p><strong>\u00a7 3. Przetrzymywanie<\/strong><\/p>\n\n\n\n<ol style=\"list-style-type:1\" class=\"wp-block-list\">\n<li>Po up\u0142ywie terminu, na jaki czytnik zosta\u0142 wypo\u017cyczony, w razie jego nie zwr\u00f3cenia, Biblioteka ma prawo zg\u0142oszenia przetrzymania do Dyrekcji szko\u0142y.<\/li>\n\n\n\n<li>Osoby nieoddaj\u0105ce urz\u0105dzenia w terminie nie mog\u0105 ponownie wypo\u017cycza\u0107 czytnika.<\/li>\n\n\n\n<li>Z chwil\u0105 wypo\u017cyczenia czytnika Czytelnik staje si\u0119 za niego ca\u0142kowicie odpowiedzialny i jest zobowi\u0105zany do zwr\u00f3cenia go w oznaczonym terminie w takim stanie, w jakim zosta\u0142 wypo\u017cyczony.<\/li>\n\n\n\n<li>W wypadku uszkodzenia czytnika czytelnik ponosi koszty jego naprawy.<\/li>\n\n\n\n<li>W wypadku ca\u0142kowitego zniszczenia lub zagubienia czytnika, Czytelnik p\u0142aci odszkodowanie w wysoko\u015bci odpowiadaj\u0105cej warto\u015bci sprz\u0119tu.<\/li>\n\n\n\n<li>Je\u017celi Czytelnik odmawia zwrotu czytnika lub uiszczenia nale\u017cnych op\u0142at Bibliotece przys\u0142uguje prawo dochodzenia wierzytelno\u015bci na drodze s\u0105dowej i komorniczej lub jej przelewu na rzecz osoby trzeciej, wraz z przekazaniem danych osobowych Czytelnika.<\/li>\n<\/ol>\n\n\n\n<p><strong>\u00a7 4. Przepisy ko\u0144cowe<\/strong><\/p>\n\n\n\n<ol style=\"list-style-type:1\" class=\"wp-block-list\">\n<li>Akceptacja niniejszego regulaminu przez czytelnika nast\u0119puje w momencie podpisania potwierdzenia wypo\u017cyczenia.<\/li>\n\n\n\n<li>Niniejszy Regulamin obowi\u0105zuje od dnia 1 marca 2022 r.&nbsp;<\/li>\n<\/ol>\n\n\n\n<p><strong>POTWIERDZENIE WYPO\u017bYCZENIA<\/strong><\/p>\n\n\n\n<p>Ja, (ucze\u0144 pe\u0142noletni\/rodzic\/opiekun prawny ucznia niepe\u0142noletniego) \u2026\u2026\u2026\u2026\u2026\u2026\u2026\u2026\u2026\u2026\u2026\u2026\u2026\u2026\u2026\u2026..\u2026\u2026.<\/p>\n\n\n\n<p>potwierdzam wypo\u017cyczenie <strong>czytnika ebook\u00f3w<\/strong> nr inw. \u2026\u2026\u2026.<\/p>\n\n\n\n<p>w dniu \u2026\u2026\u2026\u2026\u2026\u2026<\/p>\n\n\n\n<p>Telefon kontaktowy \u2026\u2026\u2026\u2026\u2026\u2026\u2026\u2026\u2026\u2026.<\/p>\n\n\n\n<p>Data i podpis Czytelnika\/opiekuna prawnego<\/p>\n","protected":false},"excerpt":{"rendered":"<p>Godziny otwarcia: poniedzia\u0142ek 7:15-16:30wtorek 7:00-17:15\u015broda 7:00-17:15czwartek 7:30-16:00pi\u0105tek 7:00-15:30sobota 8:00-14:00 kontakt: biblioteka@zsgronowo.edu.pl nauczyciele bibliotekarze: Joanna Cie\u015blewiczArkadiusz GrzonkowskiAgata Doma\u0144ska Regulaminy: Regulamin pracy [&hellip;]<\/p>\n","protected":false},"author":4,"featured_media":0,"parent":0,"menu_order":0,"comment_status":"closed","ping_status":"closed","template":"elementor_theme","meta":{"footnotes":""},"class_list":["post-99","page","type-page","status-publish","hentry"],"_links":{"self":[{"href":"https:\/\/biblioteka.zsgronowo.edu.pl\/index.php?rest_route=\/wp\/v2\/pages\/99","targetHints":{"allow":["GET"]}}],"collection":[{"href":"https:\/\/biblioteka.zsgronowo.edu.pl\/index.php?rest_route=\/wp\/v2\/pages"}],"about":[{"href":"https:\/\/biblioteka.zsgronowo.edu.pl\/index.php?rest_route=\/wp\/v2\/types\/page"}],"author":[{"embeddable":true,"href":"https:\/\/biblioteka.zsgronowo.edu.pl\/index.php?rest_route=\/wp\/v2\/users\/4"}],"replies":[{"embeddable":true,"href":"https:\/\/biblioteka.zsgronowo.edu.pl\/index.php?rest_route=%2Fwp%2Fv2%2Fcomments&post=99"}],"version-history":[{"count":15,"href":"https:\/\/biblioteka.zsgronowo.edu.pl\/index.php?rest_route=\/wp\/v2\/pages\/99\/revisions"}],"predecessor-version":[{"id":1082,"href":"https:\/\/biblioteka.zsgronowo.edu.pl\/index.php?rest_route=\/wp\/v2\/pages\/99\/revisions\/1082"}],"wp:attachment":[{"href":"https:\/\/biblioteka.zsgronowo.edu.pl\/index.php?rest_route=%2Fwp%2Fv2%2Fmedia&parent=99"}],"curies":[{"name":"wp","href":"https:\/\/api.w.org\/{rel}","templated":true}]}}